{"id":2496,"date":"2020-11-11T18:03:37","date_gmt":"2020-11-11T17:03:37","guid":{"rendered":"https:\/\/haciendazapatero.com\/online\/?page_id=2496"},"modified":"2020-11-11T18:25:05","modified_gmt":"2020-11-11T17:25:05","slug":"politica-de-cookies","status":"publish","type":"page","link":"https:\/\/haciendazapatero.com\/online\/politica-de-cookies\/","title":{"rendered":"Pol\u00edtica de cookies"},"content":{"rendered":"<p>El equipo de\u00a0<span style=\"font-weight: bolder;\">LHZ Servicios Hosteleros. S. L. (<\/span>en adelante<span style=\"font-weight: bolder;\">La Hacienda del Zapatero)<\/span>, le quiere recordar que con el uso y navegaci\u00f3n de esta web usted ha adquirido la\u00a0<strong style=\"font-family: var( --e-global-typography-text-font-family ), Sans-serif;\">condici\u00f3n de usuario<\/strong><span style=\"font-family: var( --e-global-typography-text-font-family ), Sans-serif; font-weight: var( --e-global-typography-text-font-weight );\">\u00a0y por tanto, avisamos que si prosigue su navegaci\u00f3n por este sitio web sin haber configurado los navegadores para impedir la instalaci\u00f3n de las cookies,\u00a0<\/span><strong style=\"font-family: var( --e-global-typography-text-font-family ), Sans-serif;\">estar\u00e1 prestando su consentimiento para el empleo de las cookies<\/strong><span style=\"font-family: var( --e-global-typography-text-font-family ), Sans-serif; font-weight: var( --e-global-typography-text-font-weight );\">, en aplicaci\u00f3n de t\u00e9rminos incluidos en el art\u00edculo 22.2 de la Ley 34\/2002 de Servicios de la Sociedad de la Informaci\u00f3n y Comercio Electr\u00f3nico.<\/span><\/p>\n<h2>\u00bfQu\u00e9 son las cookies?<\/h2>\n<p>Una cookie es un archivo que se descarga en el ordenador o dispositivo del usuario al acceder a una p\u00e1gina web con el objeto de permitir almacenar y recuperar informaci\u00f3n sobre los h\u00e1bitos de navegaci\u00f3n del usuario o de su equipo.<\/p>\n<p>Las cookies, no s\u00f3lo van en beneficio de las empresas, sino que tambi\u00e9n permiten establecer niveles de protecci\u00f3n y seguridad, recopilar datos estad\u00edsticos y normalmente an\u00f3nimos; as\u00ed como realizar publicidad adaptadas a los intereses de los usuarios.<\/p>\n<h2>Tipos de cookies<\/h2>\n<p>Las cookies pueden clasificarse en atenci\u00f3n a distintos funcionamientos y par\u00e1metros, algunas de las clasificaciones m\u00e1s usuales son estas:<\/p>\n<h3>Cookies exentas<\/h3>\n<p>Son las cookies sobre las que legalmente\u00a0<strong>no es necesario informar u obtener el consentimiento para su uso<\/strong>. Se trata de cookies que permiten la comunicaci\u00f3n entre el equipo del usuario y la red, as\u00ed como las que estrictamente prestan un servicio expresamente solicitado por el usuario.<\/p>\n<h3>En atenci\u00f3n a su finalidad:<\/h3>\n<ul>\n<li><strong>Anal\u00edticas:<\/strong>\u00a0recogen informaci\u00f3n del uso que se realiza del sitio web.<\/li>\n<li><strong>Sociales:<\/strong>\u00a0son aquellas necesarias para redes sociales externas.<\/li>\n<li><strong>Afiliados:<\/strong>\u00a0permiten hacer un seguimiento de las visitas procedentes de otras webs con las que el sitio web establece un contrato de afiliaci\u00f3n.<\/li>\n<li><strong>Publicidad y comportamentales:<\/strong>\u00a0recogen informaci\u00f3n sobre las preferencias y elecciones personales del usuario.<\/li>\n<li><strong>T\u00e9cnicas y funcionales:<\/strong>\u00a0son las estrictamente necesarias para el uso del sitio web y para la prestaci\u00f3n del servicio contratado.<\/li>\n<\/ul>\n<h3>Por su gesti\u00f3n:<\/h3>\n<ul>\n<li><strong>Cookies propias:<\/strong>\u00a0Son aqu\u00e9llas que se env\u00edan al equipo terminal del usuario desde un equipo o dominio gestionado por el propio editor y desde el que se presta el servicio solicitado por el usuario.<\/li>\n<li><strong>Cookies de tercero:<\/strong>\u00a0Son aqu\u00e9llas que se env\u00edan al equipo terminal del usuario desde un equipo o dominio que no es gestionado por el editor, sino por otra entidad que trata los datos obtenidos trav\u00e9s de las cookies.<\/li>\n<\/ul>\n<h3>\u00bfQu\u00e9 cookies utilizamos?<\/h3>\n<p>En\u00a0<span style=\"font-weight: bold;\">La Hacienda del Zapatero<\/span><strong>\u00a0(haciendazapatero.com)<\/strong>\u00a0utilizamos \u00fanicamente cookies de an\u00e1lisis, t\u00e9cnicas y de personalizaci\u00f3n, que nos permiten la anal\u00edtica sistem\u00e1tica de nuestra web y flujos de entrada de manera an\u00f3nima, as\u00ed como la mejora de la experiencia del usuario en nuestra web. Usamos cookies propias y cookies de terceros.<\/p>\n<p>Las cookies con las que cuenta\u00a0<strong>esta web<\/strong>\u00a0son las siguientes:<\/p>\n<figure>\n<table>\n<thead>\n<tr>\n<td>Dominio<\/td>\n<td>Nombre<\/td>\n<td>Categor\u00eda<\/td>\n<td>Descripci\u00f3n<\/td>\n<td>Propiedad<\/td>\n<td>Duraci\u00f3n<\/td>\n<td>Informaci\u00f3n adicional<\/td>\n<\/tr>\n<\/thead>\n<tbody>\n<tr>\n<td>haciendazapatero.com<\/td>\n<td>_ga<\/td>\n<td>HTTP Cookie \u2013 Estad\u00edstica<\/td>\n<td>Se usa para distinguir a los usuarios.<\/td>\n<td>De terceros \u2013 Google<\/td>\n<td>Persistente \u2013 2 a\u00f1os<\/td>\n<td><a href=\"https:\/\/policies.google.com\/technologies\/cookies?hl=es\" target=\"_blank\" rel=\"noreferrer noopener\">Google<\/a><\/td>\n<\/tr>\n<tr>\n<td>haciendazapatero.com<\/td>\n<td>_gat<\/td>\n<td>HTTP Cookie \u2013 Estad\u00edstica<\/td>\n<td>Se usa para limitar el porcentaje de solicitudes. Si has implementado Google Analytics mediante Google Tag Manager, esta cookie se llamar\u00e1 _dc_gtm_property_id.<\/td>\n<td>De terceros \u2013 Google<\/td>\n<td>Persistente \u2013 1 minuto<\/td>\n<td><a href=\"https:\/\/policies.google.com\/technologies\/cookies?hl=es\" target=\"_blank\" rel=\"noreferrer noopener\">Google<\/a><\/td>\n<\/tr>\n<tr>\n<td>haciedazapatero.com<\/td>\n<td>_gid<\/td>\n<td>HTTP Cookie \u2013 Estad\u00edstica<\/td>\n<td>Se usa para distinguir a los usuarios.<\/td>\n<td>De terceros \u2013 Google<\/td>\n<td>Persistente \u2013 1 d\u00eda<\/td>\n<td><a href=\"https:\/\/policies.google.com\/technologies\/cookies?hl=es\" target=\"_blank\" rel=\"noreferrer noopener\">Google<\/a><\/td>\n<\/tr>\n<tr>\n<td>haciendazapatero.com<\/td>\n<td>_gcl_au<\/td>\n<td>HTTP Cookie \u2013 Marketing<\/td>\n<td>Se usa para recopilar datos an\u00f3nimos relacionados con las visitas del usuario al sitio web, como el n\u00famero de visitas, el tiempo medio pasado en el sitio web y qu\u00e9 p\u00e1ginas han sido cargadas, con el prop\u00f3sito de mostrar anuncios espec\u00edficos.<\/td>\n<td>De terceros \u2013 Google<\/td>\n<td>Persistente \u2013 3 meses<\/td>\n<td><a href=\"https:\/\/policies.google.com\/technologies\/cookies?hl=es\" target=\"_blank\" rel=\"noreferrer noopener\">Google<\/a><\/td>\n<\/tr>\n<tr>\n<td><\/td>\n<td><\/td>\n<td><\/td>\n<td><\/td>\n<td><\/td>\n<td><\/td>\n<td><\/td>\n<\/tr>\n<tr>\n<td><\/td>\n<td><\/td>\n<td><\/td>\n<td><\/td>\n<td><\/td>\n<td><\/td>\n<td><\/td>\n<\/tr>\n<\/tbody>\n<\/table>\n<\/figure>\n<h3>Cookies de An\u00e1lisis:<\/h3>\n<p>La mayor\u00eda de las cookies de an\u00e1lisis son propiedad de Google Analytics y Google Adwords, nos permiten analizar y adaptar la web a los comportamientos derivados del tr\u00e1fico, con datos estad\u00edsticos absolutamente abstractos para\u00a0<span style=\"font-weight: bold;\">La Hacienda del Zapatero<\/span>.<\/p>\n<p>Si desean m\u00e1s informaci\u00f3n sobre la pol\u00edtica de cookies, pueden hacerlo en el siguiente enlace: https:\/\/policies.google.com\/privacy?hl=en.<\/p>\n<h2>Desactivaci\u00f3n de cookies<\/h2>\n<p>Las cookies pueden ser deshabilitadas, borradas y desactivadas, seg\u00fan el navegador utilizados, a continuaci\u00f3n, pueden consultar las instrucciones para los principales navegadores.<\/p>\n<ul>\n<li><a href=\"https:\/\/support.google.com\/chrome\/answer\/95647?hl=es\" target=\"_blank\" rel=\"noreferrer noopener\">Google Chrome<\/a><\/li>\n<li><a href=\"https:\/\/support.mozilla.org\/es\/kb\/habilitar-y-deshabilitar-cookies-sitios-web-rastrear-preferencias?redirectlocale=es&amp;redirectslug=habilitar-y-deshabilitar-cookies-que-los-sitios-we\" target=\"_blank\" rel=\"noreferrer noopener\">Mozilla Firefox<\/a><\/li>\n<li><a href=\"https:\/\/support.microsoft.com\/es-es\/help\/17442\/windows-internet-explorer-delete-manage-cookies#ie=ie-11\" target=\"_blank\" rel=\"noreferrer noopener\">Microsoft Internet Explorer<\/a><\/li>\n<li><a href=\"https:\/\/support.apple.com\/es-es\/HT201265\" target=\"_blank\" rel=\"noreferrer noopener\">Apple Safari en el iPhone, iPad o iPod Touch<\/a><\/li>\n<li><a href=\"https:\/\/help.opera.com\/es\/Windows\/11.50\/es-ES\/cookies.html\" target=\"_blank\" rel=\"noreferrer noopener\">Opera<\/a><\/li>\n<li><a href=\"https:\/\/support.apple.com\/es-es\/guide\/safari\/sfri11471\/mac\" target=\"_blank\" rel=\"noreferrer noopener\">Safari para MAC<\/a><\/li>\n<li><a href=\"https:\/\/support.microsoft.com\/es-es\/help\/4468242\/microsoft-edge-browsing-data-and-privacy-microsoft-privacy\" target=\"_blank\" rel=\"noreferrer noopener\">Microsoft Edge (Windows 10)<\/a><\/li>\n<\/ul>\n<p>Tambi\u00e9n, existe la posibilidad de desactivar las cookies de Google Analytics, instalando el complemento siguiente: https:\/\/tools.google.com\/dlpage\/gaoptout\/?hl=es<\/p>\n<h2>Exenciones de responsabilidad<\/h2>\n<p>En\u00a0<span style=\"font-weight: bold;\">La Hacienda del Zapatero<\/span>\u00a0no nos podemos y no nos hacemos responsables del contenido, ni de la veracidad, ni de la actualizaci\u00f3n de las pol\u00edticas de privacidad que puedan tener los terceros mencionados en esta pol\u00edtica de cookies.<\/p>\n<p>Son los navegadores web los encargados de almacenar las cookies y, es desde estos sitios desde donde debe efectuar su derecho a eliminaci\u00f3n o desactivaci\u00f3n de las mismas, por tanto, no podemos garantizar el correcto comportamiento.<\/p>\n<h2>Derecho a modificar la pol\u00edtica de cookies<\/h2>\n<p><b>La Hacienda del Zapatero<\/b>\u00a0se guarda todos los derechos a modificar su pol\u00edtica de privacidad sin el previo aviso de la misma.<\/p>\n","protected":false},"excerpt":{"rendered":"<p>El equipo de\u00a0LHZ Servicios Hosteleros. S. L. (en adelanteLa Hacienda del Zapatero), le quiere recordar que con el uso y navegaci\u00f3n de esta web usted ha adquirido la\u00a0condici\u00f3n de usuario\u00a0y por tanto, avisamos que si prosigue su navegaci\u00f3n por este sitio web sin haber configurado los navegadores para impedir la instalaci\u00f3n de las cookies,\u00a0estar\u00e1 prestando &#8230; <a title=\"Pol\u00edtica de cookies\" class=\"read-more\" href=\"https:\/\/haciendazapatero.com\/online\/politica-de-cookies\/\">Read more<\/a><\/p>\n","protected":false},"author":2,"featured_media":0,"parent":0,"menu_order":0,"comment_status":"closed","ping_status":"closed","template":"","meta":{"footnotes":""},"class_list":["post-2496","page","type-page","status-publish"],"_links":{"self":[{"href":"https:\/\/haciendazapatero.com\/online\/wp-json\/wp\/v2\/pages\/2496"}],"collection":[{"href":"https:\/\/haciendazapatero.com\/online\/wp-json\/wp\/v2\/pages"}],"about":[{"href":"https:\/\/haciendazapatero.com\/online\/wp-json\/wp\/v2\/types\/page"}],"author":[{"embeddable":true,"href":"https:\/\/haciendazapatero.com\/online\/wp-json\/wp\/v2\/users\/2"}],"replies":[{"embeddable":true,"href":"https:\/\/haciendazapatero.com\/online\/wp-json\/wp\/v2\/comments?post=2496"}],"version-history":[{"count":3,"href":"https:\/\/haciendazapatero.com\/online\/wp-json\/wp\/v2\/pages\/2496\/revisions"}],"predecessor-version":[{"id":2510,"href":"https:\/\/haciendazapatero.com\/online\/wp-json\/wp\/v2\/pages\/2496\/revisions\/2510"}],"wp:attachment":[{"href":"https:\/\/haciendazapatero.com\/online\/wp-json\/wp\/v2\/media?parent=2496"}],"curies":[{"name":"wp","href":"https:\/\/api.w.org\/{rel}","templated":true}]}}